{"id":213,"date":"2020-04-13T11:18:54","date_gmt":"2020-04-13T11:18:54","guid":{"rendered":"http:\/\/shiatsukey.be\/?page_id=213"},"modified":"2023-07-23T15:33:42","modified_gmt":"2023-07-23T13:33:42","slug":"home","status":"publish","type":"page","link":"https:\/\/shiatsukey.be\/","title":{"rendered":"Home"},"content":{"rendered":"\t\t<div data-elementor-type=\"wp-page\" data-elementor-id=\"213\" class=\"elementor elementor-213\">\n\t\t\t\t\t\t<section class=\"elementor-section elementor-top-section elementor-element elementor-element-5939a86c elementor-section-height-min-height elementor-section-boxed elementor-section-height-default elementor-section-items-middle\" data-id=\"5939a86c\" data-element_type=\"section\" data-settings=\"{&quot;background_background&quot;:&quot;classic&quot;}\">\n\t\t\t\t\t\t\t<div class=\"elementor-background-overlay\"><\/div>\n\t\t\t\t\t\t\t<div class=\"elementor-container elementor-column-gap-no\">\n\t\t\t\t\t<div class=\"elementor-column elementor-col-100 elementor-top-column elementor-element elementor-element-6f6a47a9\" data-id=\"6f6a47a9\" data-element_type=\"column\">\n\t\t\t<div class=\"elementor-widget-wrap elementor-element-populated\">\n\t\t\t\t\t\t<div class=\"elementor-element elementor-element-da98eec elementor-widget elementor-widget-image-box\" data-id=\"da98eec\" data-element_type=\"widget\" data-widget_type=\"image-box.default\">\n\t\t\t\t<div class=\"elementor-widget-container\">\n\t\t\t\t\t<div class=\"elementor-image-box-wrapper\"><div class=\"elementor-image-box-content\"><h1 class=\"elementor-image-box-title\"><br><br><br><br><br><br>Shiatsu Key<\/h1><p class=\"elementor-image-box-description\">Shiatsu \u00e9quin et travail \u00e0 pied<\/p><\/div><\/div>\t\t\t\t<\/div>\n\t\t\t\t<\/div>\n\t\t\t\t\t<\/div>\n\t\t<\/div>\n\t\t\t\t\t<\/div>\n\t\t<\/section>\n\t\t\t\t<section class=\"elementor-section elementor-top-section elementor-element elementor-element-7e21b87 elementor-section-boxed elementor-section-height-default elementor-section-height-default\" data-id=\"7e21b87\" data-element_type=\"section\">\n\t\t\t\t\t\t<div class=\"elementor-container elementor-column-gap-no\">\n\t\t\t\t\t<div class=\"elementor-column elementor-col-50 elementor-top-column elementor-element elementor-element-ecf0f71\" data-id=\"ecf0f71\" data-element_type=\"column\" data-settings=\"{&quot;background_background&quot;:&quot;classic&quot;}\">\n\t\t\t<div class=\"elementor-widget-wrap elementor-element-populated\">\n\t\t\t\t\t<div class=\"elementor-background-overlay\"><\/div>\n\t\t\t\t\t\t<div class=\"elementor-element elementor-element-40c051ee elementor-widget elementor-widget-heading\" data-id=\"40c051ee\" data-element_type=\"widget\" data-widget_type=\"heading.default\">\n\t\t\t\t<div class=\"elementor-widget-container\">\n\t\t\t\t\t<h2 class=\"elementor-heading-title elementor-size-default\"><a href=\"http:\/\/shiatsukey.be\/?page_id=215\">Shiatsu \u00e9quin<\/a><\/h2>\t\t\t\t<\/div>\n\t\t\t\t<\/div>\n\t\t\t\t\t<\/div>\n\t\t<\/div>\n\t\t\t\t<div class=\"elementor-column elementor-col-50 elementor-top-column elementor-element elementor-element-8ee04f9\" data-id=\"8ee04f9\" data-element_type=\"column\" data-settings=\"{&quot;background_background&quot;:&quot;classic&quot;}\">\n\t\t\t<div class=\"elementor-widget-wrap elementor-element-populated\">\n\t\t\t\t\t<div class=\"elementor-background-overlay\"><\/div>\n\t\t\t\t\t\t<div class=\"elementor-element elementor-element-2cb5ae60 elementor-widget elementor-widget-heading\" data-id=\"2cb5ae60\" data-element_type=\"widget\" data-widget_type=\"heading.default\">\n\t\t\t\t<div class=\"elementor-widget-container\">\n\t\t\t\t\t<h2 class=\"elementor-heading-title elementor-size-default\"><a href=\"http:\/\/shiatsukey.be\/?page_id=301\">Travail \u00e0 pied<\/a><\/h2>\t\t\t\t<\/div>\n\t\t\t\t<\/div>\n\t\t\t\t\t<\/div>\n\t\t<\/div>\n\t\t\t\t\t<\/div>\n\t\t<\/section>\n\t\t\t\t<section class=\"elementor-section elementor-top-section elementor-element elementor-element-34277c67 elementor-section-boxed elementor-section-height-default elementor-section-height-default\" data-id=\"34277c67\" data-element_type=\"section\">\n\t\t\t\t\t\t<div class=\"elementor-container elementor-column-gap-no\">\n\t\t\t\t\t<div class=\"elementor-column elementor-col-50 elementor-top-column elementor-element elementor-element-217497e3\" data-id=\"217497e3\" data-element_type=\"column\">\n\t\t\t<div class=\"elementor-widget-wrap elementor-element-populated\">\n\t\t\t\t\t\t<div class=\"elementor-element elementor-element-25666558 elementor-widget elementor-widget-heading\" data-id=\"25666558\" data-element_type=\"widget\" data-widget_type=\"heading.default\">\n\t\t\t\t<div class=\"elementor-widget-container\">\n\t\t\t\t\t<h2 class=\"elementor-heading-title elementor-size-default\">Des cl\u00e9s pour vous aider dans votre relation avec votre cheval<\/h2>\t\t\t\t<\/div>\n\t\t\t\t<\/div>\n\t\t\t\t\t<\/div>\n\t\t<\/div>\n\t\t\t\t<div class=\"elementor-column elementor-col-50 elementor-top-column elementor-element elementor-element-2d17052\" data-id=\"2d17052\" data-element_type=\"column\">\n\t\t\t<div class=\"elementor-widget-wrap elementor-element-populated\">\n\t\t\t\t\t\t<div class=\"elementor-element elementor-element-77680b8d elementor-widget elementor-widget-text-editor\" data-id=\"77680b8d\" data-element_type=\"widget\" data-widget_type=\"text-editor.default\">\n\t\t\t\t<div class=\"elementor-widget-container\">\n\t\t\t\t\t\t\t\t\t<p style=\"font-weight: 400;\"><strong>Shiatsu Key<\/strong> vient d\u2019un jeu de mot entre le mot \u00ab\u00a0shiatsuki\u00a0\u00bb qui d\u00e9signe un praticien shiatsu, et le mot anglais \u00ab\u00a0key\u00a0\u00bb qui se prononce \u00ab\u00a0ki\u00a0\u00bb et signifie \u00ab\u00a0cl\u00e9\u00a0\u00bb. Par le biais de mes deux activit\u00e9s mon but est d\u2019<strong>apporter des cl\u00e9s aux propri\u00e9taires de chevaux <\/strong>afin qu\u2019ils s\u2019\u00e9panouissent dans leur relation avec des \u00e9quid\u00e9s bien dans leurs sabots\u00a0!<\/p>\t\t\t\t\t\t\t\t<\/div>\n\t\t\t\t<\/div>\n\t\t\t\t<div class=\"elementor-element elementor-element-ed8b38d elementor-align-center elementor-widget elementor-widget-button\" data-id=\"ed8b38d\" data-element_type=\"widget\" data-widget_type=\"button.default\">\n\t\t\t\t<div class=\"elementor-widget-container\">\n\t\t\t\t\t\t\t\t\t<div class=\"elementor-button-wrapper\">\n\t\t\t\t\t<a class=\"elementor-button elementor-button-link elementor-size-sm\" href=\"http:\/\/shiatsukey.be\/?page_id=214\">\n\t\t\t\t\t\t<span class=\"elementor-button-content-wrapper\">\n\t\t\t\t\t\t\t\t\t<span class=\"elementor-button-text\">Shiatsu qui ?<\/span>\n\t\t\t\t\t<\/span>\n\t\t\t\t\t<\/a>\n\t\t\t\t<\/div>\n\t\t\t\t\t\t\t\t<\/div>\n\t\t\t\t<\/div>\n\t\t\t\t\t<\/div>\n\t\t<\/div>\n\t\t\t\t\t<\/div>\n\t\t<\/section>\n\t\t\t\t<\/div>\n\t\t","protected":false},"excerpt":{"rendered":"<p>Shiatsu Key Shiatsu \u00e9quin et travail \u00e0 pied Shiatsu \u00e9quin Travail \u00e0 pied Des cl\u00e9s pour vous aider dans votre relation avec votre cheval Shiatsu Key vient d\u2019un jeu de mot entre le mot \u00ab\u00a0shiatsuki\u00a0\u00bb qui d\u00e9signe un praticien shiatsu, et le mot anglais \u00ab\u00a0key\u00a0\u00bb qui se prononce \u00ab\u00a0ki\u00a0\u00bb et signifie \u00ab\u00a0cl\u00e9\u00a0\u00bb. Par le biais [&hellip;]<\/p>\n","protected":false},"author":1,"featured_media":0,"parent":0,"menu_order":0,"comment_status":"closed","ping_status":"closed","template":"","meta":{"site-sidebar-layout":"no-sidebar","site-content-layout":"page-builder","ast-site-content-layout":"","site-content-style":"default","site-sidebar-style":"default","ast-global-header-display":"","ast-banner-title-visibility":"","ast-main-header-display":"","ast-hfb-above-header-display":"","ast-hfb-below-header-display":"","ast-hfb-mobile-header-display":"","site-post-title":"disabled","ast-breadcrumbs-content":"","ast-featured-img":"","footer-sml-layout":"","theme-transparent-header-meta":"enabled","adv-header-id-meta":"","stick-header-meta":"","header-above-stick-meta":"","header-main-stick-meta":"","header-below-stick-meta":"","astra-migrate-meta-layouts":"default","ast-page-background-enabled":"default","ast-page-background-meta":{"desktop":{"background-color":"","background-image":"","background-repeat":"repeat","background-position":"center center","background-size":"auto","background-attachment":"scroll","background-type":"","background-media":"","overlay-type":"","overlay-color":"","overlay-opacity":"","overlay-gradient":""},"tablet":{"background-color":"","background-image":"","background-repeat":"repeat","background-position":"center center","background-size":"auto","background-attachment":"scroll","background-type":"","background-media":"","overlay-type":"","overlay-color":"","overlay-opacity":"","overlay-gradient":""},"mobile":{"background-color":"","background-image":"","background-repeat":"repeat","background-position":"center center","background-size":"auto","background-attachment":"scroll","background-type":"","background-media":"","overlay-type":"","overlay-color":"","overlay-opacity":"","overlay-gradient":""}},"ast-content-background-meta":{"desktop":{"background-color":"var(--ast-global-color-5)","background-image":"","background-repeat":"repeat","background-position":"center center","background-size":"auto","background-attachment":"scroll","background-type":"","background-media":"","overlay-type":"","overlay-color":"","overlay-opacity":"","overlay-gradient":""},"tablet":{"background-color":"var(--ast-global-color-5)","background-image":"","background-repeat":"repeat","background-position":"center center","background-size":"auto","background-attachment":"scroll","background-type":"","background-media":"","overlay-type":"","overlay-color":"","overlay-opacity":"","overlay-gradient":""},"mobile":{"background-color":"var(--ast-global-color-5)","background-image":"","background-repeat":"repeat","background-position":"center center","background-size":"auto","background-attachment":"scroll","background-type":"","background-media":"","overlay-type":"","overlay-color":"","overlay-opacity":"","overlay-gradient":""}},"footnotes":""},"class_list":["post-213","page","type-page","status-publish","hentry"],"yoast_head":"<!-- This site is optimized with the Yoast SEO plugin v24.5 - https:\/\/yoast.com\/wordpress\/plugins\/seo\/ -->\n<title>Home - Accueil<\/title>\n<meta name=\"robots\" content=\"index, follow, max-snippet:-1, max-image-preview:large, max-video-preview:-1\" \/>\n<link rel=\"canonical\" href=\"https:\/\/shiatsukey.be\/\" \/>\n<meta property=\"og:locale\" content=\"fr_FR\" \/>\n<meta property=\"og:type\" content=\"article\" \/>\n<meta property=\"og:title\" content=\"Home - Accueil\" \/>\n<meta property=\"og:description\" content=\"Shiatsu Key Shiatsu \u00e9quin et travail \u00e0 pied Shiatsu \u00e9quin Travail \u00e0 pied Des cl\u00e9s pour vous aider dans votre relation avec votre cheval Shiatsu Key vient d\u2019un jeu de mot entre le mot \u00ab\u00a0shiatsuki\u00a0\u00bb qui d\u00e9signe un praticien shiatsu, et le mot anglais \u00ab\u00a0key\u00a0\u00bb qui se prononce \u00ab\u00a0ki\u00a0\u00bb et signifie \u00ab\u00a0cl\u00e9\u00a0\u00bb. Par le biais [&hellip;]\" \/>\n<meta property=\"og:url\" content=\"https:\/\/shiatsukey.be\/\" \/>\n<meta property=\"og:site_name\" content=\"Accueil\" \/>\n<meta property=\"article:modified_time\" content=\"2023-07-23T13:33:42+00:00\" \/>\n<meta name=\"twitter:card\" content=\"summary_large_image\" \/>\n<meta name=\"twitter:label1\" content=\"Dur\u00e9e de lecture estim\u00e9e\" \/>\n\t<meta name=\"twitter:data1\" content=\"1 minute\" \/>\n<script type=\"application\/ld+json\" class=\"yoast-schema-graph\">{\"@context\":\"https:\/\/schema.org\",\"@graph\":[{\"@type\":\"WebPage\",\"@id\":\"https:\/\/shiatsukey.be\/\",\"url\":\"https:\/\/shiatsukey.be\/\",\"name\":\"Home - Accueil\",\"isPartOf\":{\"@id\":\"https:\/\/shiatsukey.be\/#website\"},\"datePublished\":\"2020-04-13T11:18:54+00:00\",\"dateModified\":\"2023-07-23T13:33:42+00:00\",\"breadcrumb\":{\"@id\":\"https:\/\/shiatsukey.be\/#breadcrumb\"},\"inLanguage\":\"fr-FR\",\"potentialAction\":[{\"@type\":\"ReadAction\",\"target\":[\"https:\/\/shiatsukey.be\/\"]}]},{\"@type\":\"BreadcrumbList\",\"@id\":\"https:\/\/shiatsukey.be\/#breadcrumb\",\"itemListElement\":[{\"@type\":\"ListItem\",\"position\":1,\"name\":\"Accueil\",\"item\":\"https:\/\/shiatsukey.be\/\"},{\"@type\":\"ListItem\",\"position\":2,\"name\":\"Home\"}]},{\"@type\":\"WebSite\",\"@id\":\"https:\/\/shiatsukey.be\/#website\",\"url\":\"https:\/\/shiatsukey.be\/\",\"name\":\"Shiatsu Key\",\"description\":\"\",\"publisher\":{\"@id\":\"https:\/\/shiatsukey.be\/#organization\"},\"potentialAction\":[{\"@type\":\"SearchAction\",\"target\":{\"@type\":\"EntryPoint\",\"urlTemplate\":\"https:\/\/shiatsukey.be\/?s={search_term_string}\"},\"query-input\":{\"@type\":\"PropertyValueSpecification\",\"valueRequired\":true,\"valueName\":\"search_term_string\"}}],\"inLanguage\":\"fr-FR\"},{\"@type\":\"Organization\",\"@id\":\"https:\/\/shiatsukey.be\/#organization\",\"name\":\"Shiatsu Key\",\"url\":\"https:\/\/shiatsukey.be\/\",\"logo\":{\"@type\":\"ImageObject\",\"inLanguage\":\"fr-FR\",\"@id\":\"https:\/\/shiatsukey.be\/#\/schema\/logo\/image\/\",\"url\":\"https:\/\/shiatsukey.be\/wp-content\/uploads\/cropped-horseshoe.png\",\"contentUrl\":\"https:\/\/shiatsukey.be\/wp-content\/uploads\/cropped-horseshoe.png\",\"width\":512,\"height\":512,\"caption\":\"Shiatsu Key\"},\"image\":{\"@id\":\"https:\/\/shiatsukey.be\/#\/schema\/logo\/image\/\"}}]}<\/script>\n<!-- \/ Yoast SEO plugin. -->","yoast_head_json":{"title":"Home - Accueil","robots":{"index":"index","follow":"follow","max-snippet":"max-snippet:-1","max-image-preview":"max-image-preview:large","max-video-preview":"max-video-preview:-1"},"canonical":"https:\/\/shiatsukey.be\/","og_locale":"fr_FR","og_type":"article","og_title":"Home - Accueil","og_description":"Shiatsu Key Shiatsu \u00e9quin et travail \u00e0 pied Shiatsu \u00e9quin Travail \u00e0 pied Des cl\u00e9s pour vous aider dans votre relation avec votre cheval Shiatsu Key vient d\u2019un jeu de mot entre le mot \u00ab\u00a0shiatsuki\u00a0\u00bb qui d\u00e9signe un praticien shiatsu, et le mot anglais \u00ab\u00a0key\u00a0\u00bb qui se prononce \u00ab\u00a0ki\u00a0\u00bb et signifie \u00ab\u00a0cl\u00e9\u00a0\u00bb. Par le biais [&hellip;]","og_url":"https:\/\/shiatsukey.be\/","og_site_name":"Accueil","article_modified_time":"2023-07-23T13:33:42+00:00","twitter_card":"summary_large_image","twitter_misc":{"Dur\u00e9e de lecture estim\u00e9e":"1 minute"},"schema":{"@context":"https:\/\/schema.org","@graph":[{"@type":"WebPage","@id":"https:\/\/shiatsukey.be\/","url":"https:\/\/shiatsukey.be\/","name":"Home - Accueil","isPartOf":{"@id":"https:\/\/shiatsukey.be\/#website"},"datePublished":"2020-04-13T11:18:54+00:00","dateModified":"2023-07-23T13:33:42+00:00","breadcrumb":{"@id":"https:\/\/shiatsukey.be\/#breadcrumb"},"inLanguage":"fr-FR","potentialAction":[{"@type":"ReadAction","target":["https:\/\/shiatsukey.be\/"]}]},{"@type":"BreadcrumbList","@id":"https:\/\/shiatsukey.be\/#breadcrumb","itemListElement":[{"@type":"ListItem","position":1,"name":"Accueil","item":"https:\/\/shiatsukey.be\/"},{"@type":"ListItem","position":2,"name":"Home"}]},{"@type":"WebSite","@id":"https:\/\/shiatsukey.be\/#website","url":"https:\/\/shiatsukey.be\/","name":"Shiatsu Key","description":"","publisher":{"@id":"https:\/\/shiatsukey.be\/#organization"},"potentialAction":[{"@type":"SearchAction","target":{"@type":"EntryPoint","urlTemplate":"https:\/\/shiatsukey.be\/?s={search_term_string}"},"query-input":{"@type":"PropertyValueSpecification","valueRequired":true,"valueName":"search_term_string"}}],"inLanguage":"fr-FR"},{"@type":"Organization","@id":"https:\/\/shiatsukey.be\/#organization","name":"Shiatsu Key","url":"https:\/\/shiatsukey.be\/","logo":{"@type":"ImageObject","inLanguage":"fr-FR","@id":"https:\/\/shiatsukey.be\/#\/schema\/logo\/image\/","url":"https:\/\/shiatsukey.be\/wp-content\/uploads\/cropped-horseshoe.png","contentUrl":"https:\/\/shiatsukey.be\/wp-content\/uploads\/cropped-horseshoe.png","width":512,"height":512,"caption":"Shiatsu Key"},"image":{"@id":"https:\/\/shiatsukey.be\/#\/schema\/logo\/image\/"}}]}},"_links":{"self":[{"href":"https:\/\/shiatsukey.be\/index.php?rest_route=\/wp\/v2\/pages\/213","targetHints":{"allow":["GET"]}}],"collection":[{"href":"https:\/\/shiatsukey.be\/index.php?rest_route=\/wp\/v2\/pages"}],"about":[{"href":"https:\/\/shiatsukey.be\/index.php?rest_route=\/wp\/v2\/types\/page"}],"author":[{"embeddable":true,"href":"https:\/\/shiatsukey.be\/index.php?rest_route=\/wp\/v2\/users\/1"}],"replies":[{"embeddable":true,"href":"https:\/\/shiatsukey.be\/index.php?rest_route=%2Fwp%2Fv2%2Fcomments&post=213"}],"version-history":[{"count":62,"href":"https:\/\/shiatsukey.be\/index.php?rest_route=\/wp\/v2\/pages\/213\/revisions"}],"predecessor-version":[{"id":721,"href":"https:\/\/shiatsukey.be\/index.php?rest_route=\/wp\/v2\/pages\/213\/revisions\/721"}],"wp:attachment":[{"href":"https:\/\/shiatsukey.be\/index.php?rest_route=%2Fwp%2Fv2%2Fmedia&parent=213"}],"curies":[{"name":"wp","href":"https:\/\/api.w.org\/{rel}","templated":true}]}}